{"id":47132,"date":"2024-11-04T09:47:15","date_gmt":"2024-11-04T09:47:15","guid":{"rendered":"https:\/\/corplex.com\/carbon-calculator\/"},"modified":"2024-11-04T11:38:06","modified_gmt":"2024-11-04T11:38:06","slug":"carbon-calculator","status":"publish","type":"page","link":"https:\/\/corplex.com\/sk\/carbon-calculator\/","title":{"rendered":"Uhl\u00edkov\u00e1 kalkula\u010dka"},"content":{"rendered":"","protected":false},"excerpt":{"rendered":"","protected":false},"author":14,"featured_media":0,"parent":0,"menu_order":0,"comment_status":"closed","ping_status":"closed","template":"elementor_header_footer","meta":{"_acf_changed":false,"footnotes":"","_links_to":"","_links_to_target":""},"class_list":["post-47132","page","type-page","status-publish","hentry"],"acf":[],"_links":{"self":[{"href":"https:\/\/corplex.com\/sk\/wp-json\/wp\/v2\/pages\/47132","targetHints":{"allow":["GET"]}}],"collection":[{"href":"https:\/\/corplex.com\/sk\/wp-json\/wp\/v2\/pages"}],"about":[{"href":"https:\/\/corplex.com\/sk\/wp-json\/wp\/v2\/types\/page"}],"author":[{"embeddable":true,"href":"https:\/\/corplex.com\/sk\/wp-json\/wp\/v2\/users\/14"}],"replies":[{"embeddable":true,"href":"https:\/\/corplex.com\/sk\/wp-json\/wp\/v2\/comments?post=47132"}],"version-history":[{"count":1,"href":"https:\/\/corplex.com\/sk\/wp-json\/wp\/v2\/pages\/47132\/revisions"}],"predecessor-version":[{"id":47135,"href":"https:\/\/corplex.com\/sk\/wp-json\/wp\/v2\/pages\/47132\/revisions\/47135"}],"wp:attachment":[{"href":"https:\/\/corplex.com\/sk\/wp-json\/wp\/v2\/media?parent=47132"}],"curies":[{"name":"wp","href":"https:\/\/api.w.org\/{rel}","templated":true}]}}