{"id":35811,"date":"2023-03-14T11:09:42","date_gmt":"2023-03-14T11:09:42","guid":{"rendered":"https:\/\/corplex.com\/privacy-centre\/"},"modified":"2024-06-18T12:52:00","modified_gmt":"2024-06-18T12:52:00","slug":"centre-de-confidentialite","status":"publish","type":"page","link":"https:\/\/corplex.com\/fr\/centre-de-confidentialite\/","title":{"rendered":"Centre de confidentialit\u00e9"},"content":{"rendered":"\t\t<div data-elementor-type=\"wp-page\" data-elementor-id=\"35811\" class=\"elementor elementor-35811 elementor-27758\" data-elementor-post-type=\"page\">\n\t\t\t\t<div class=\"elementor-element elementor-element-48723bf e-flex e-con-boxed e-con e-parent\" data-id=\"48723bf\" data-element_type=\"container\" data-e-type=\"container\" data-settings=\"{&quot;background_background&quot;:&quot;classic&quot;}\">\n\t\t\t\t\t<div class=\"e-con-inner\">\n\t\t<div class=\"elementor-element elementor-element-848b5b4 e-con-full e-flex e-con e-child\" data-id=\"848b5b4\" data-element_type=\"container\" data-e-type=\"container\">\n\t\t\t\t<div class=\"elementor-element elementor-element-57a3ad3 elementor-widget elementor-widget-heading\" data-id=\"57a3ad3\" data-element_type=\"widget\" data-e-type=\"widget\" data-widget_type=\"heading.default\">\n\t\t\t\t<div class=\"elementor-widget-container\">\n\t\t\t\t\t<h2 class=\"elementor-heading-title elementor-size-default\">Centre de protection de la vie priv\u00e9e<\/h2>\t\t\t\t<\/div>\n\t\t\t\t<\/div>\n\t\t\t\t<div class=\"elementor-element elementor-element-914ebc8 elementor-widget elementor-widget-text-editor\" data-id=\"914ebc8\" data-element_type=\"widget\" data-e-type=\"widget\" data-widget_type=\"text-editor.default\">\n\t\t\t\t<div class=\"elementor-widget-container\">\n\t\t\t\t\t\t\t\t\t<p>Chez Corplex, nous prenons tr\u00e8s au s\u00e9rieux votre vie priv\u00e9e et la confiance que vous nous accordez.<\/p><p>Si vous avez une question, un probl\u00e8me ou une demande concernant la protection de la vie priv\u00e9e, <span style=\"color: var( --e-global-color-d020d32 ); text-align: var(--text-align); background-color: var( --e-global-color-4680781 ); letter-spacing: 0.3px;\">veuillez contacter notre service de<\/span> protection de la vie priv\u00e9e\u00a0<span style=\"background-color: var( --e-global-color-4680781 ); color: var( --e-global-color-d020d32 ); letter-spacing: 0.3px; text-align: var(--text-align);\">en utilisant le formulaire ou les coordonn\u00e9es ci-dessous.<\/span><\/p>\t\t\t\t\t\t\t\t<\/div>\n\t\t\t\t<\/div>\n\t\t\t\t<div class=\"elementor-element elementor-element-3d3c95f elementor-widget elementor-widget-spacer\" data-id=\"3d3c95f\" data-element_type=\"widget\" data-e-type=\"widget\" data-widget_type=\"spacer.default\">\n\t\t\t\t<div class=\"elementor-widget-container\">\n\t\t\t\t\t\t\t<div class=\"elementor-spacer\">\n\t\t\t<div class=\"elementor-spacer-inner\"><\/div>\n\t\t<\/div>\n\t\t\t\t\t\t<\/div>\n\t\t\t\t<\/div>\n\t\t\t\t<div class=\"elementor-element elementor-element-c398f8d elementor-widget elementor-widget-text-editor\" data-id=\"c398f8d\" data-element_type=\"widget\" data-e-type=\"widget\" data-widget_type=\"text-editor.default\">\n\t\t\t\t<div class=\"elementor-widget-container\">\n\t\t\t\t\t\t\t\t\t<p><strong>Suivez-nous sur les m\u00e9dias sociaux :<\/strong><\/p>\n\t\t\t\t\t\t\t\t<\/div>\n\t\t\t\t<\/div>\n\t\t\t\t<div class=\"elementor-element elementor-element-43d3ff7 e-grid-align-left elementor-shape-rounded elementor-grid-0 elementor-widget elementor-widget-social-icons\" data-id=\"43d3ff7\" data-element_type=\"widget\" data-e-type=\"widget\" data-widget_type=\"social-icons.default\">\n\t\t\t\t<div class=\"elementor-widget-container\">\n\t\t\t\t\t\t\t<div class=\"elementor-social-icons-wrapper elementor-grid\" role=\"list\">\n\t\t\t\t\t\t\t<span class=\"elementor-grid-item\" role=\"listitem\">\n\t\t\t\t\t<a class=\"elementor-icon elementor-social-icon elementor-social-icon-linkedin elementor-repeater-item-206e1a9\" target=\"_blank\">\n\t\t\t\t\t\t<span class=\"elementor-screen-only\">Linkedin<\/span>\n\t\t\t\t\t\t<i aria-hidden=\"true\" class=\"fab fa-linkedin\"><\/i>\t\t\t\t\t<\/a>\n\t\t\t\t<\/span>\n\t\t\t\t\t\t\t<span class=\"elementor-grid-item\" role=\"listitem\">\n\t\t\t\t\t<a class=\"elementor-icon elementor-social-icon elementor-social-icon-youtube elementor-repeater-item-7f5f67f\" target=\"_blank\">\n\t\t\t\t\t\t<span class=\"elementor-screen-only\">Youtube<\/span>\n\t\t\t\t\t\t<i aria-hidden=\"true\" class=\"fab fa-youtube\"><\/i>\t\t\t\t\t<\/a>\n\t\t\t\t<\/span>\n\t\t\t\t\t<\/div>\n\t\t\t\t\t\t<\/div>\n\t\t\t\t<\/div>\n\t\t\t\t<\/div>\n\t\t\t\t\t<\/div>\n\t\t\t\t<\/div>\n\t\t<div class=\"elementor-element elementor-element-0662e5e e-flex e-con-boxed e-con e-parent\" data-id=\"0662e5e\" data-element_type=\"container\" data-e-type=\"container\">\n\t\t\t\t\t<div class=\"e-con-inner\">\n\t\t<div class=\"elementor-element elementor-element-35a1a02 e-con-full e-flex e-con e-child\" data-id=\"35a1a02\" data-element_type=\"container\" data-e-type=\"container\">\n\t\t\t\t<div class=\"elementor-element elementor-element-d413f1c elementor-button-align-start elementor-widget elementor-widget-form\" data-id=\"d413f1c\" data-element_type=\"widget\" data-e-type=\"widget\" data-settings=\"{&quot;step_next_label&quot;:&quot;Suivant&quot;,&quot;step_previous_label&quot;:&quot;Pr\\u00e9c\\u00e9dent&quot;,&quot;button_width&quot;:&quot;100&quot;,&quot;step_type&quot;:&quot;number_text&quot;,&quot;step_icon_shape&quot;:&quot;circle&quot;}\" data-widget_type=\"form.default\">\n\t\t\t\t<div class=\"elementor-widget-container\">\n\t\t\t\t\t\t\t<form class=\"elementor-form\" method=\"post\" name=\"Demande de renseignements sur le DP\" aria-label=\"Demande de renseignements sur le DP\">\n\t\t\t<input type=\"hidden\" name=\"post_id\" value=\"35811\"\/>\n\t\t\t<input type=\"hidden\" name=\"form_id\" value=\"d413f1c\"\/>\n\t\t\t<input type=\"hidden\" name=\"referer_title\" value=\"\" \/>\n\n\t\t\t\n\t\t\t<div class=\"elementor-form-fields-wrapper elementor-labels-above\">\n\t\t\t\t\t\t\t\t<div class=\"elementor-field-type-select elementor-field-group elementor-column elementor-field-group-relation elementor-col-50 elementor-field-required elementor-mark-required\">\n\t\t\t\t\t\t\t\t\t\t\t\t<label for=\"form-field-relation\" class=\"elementor-field-label\">\n\t\t\t\t\t\t\t\tComment vous connaissons-nous ?\t\t\t\t\t\t\t<\/label>\n\t\t\t\t\t\t\t\t<div class=\"elementor-field elementor-select-wrapper remove-before \">\n\t\t\t<div class=\"select-caret-down-wrapper\">\n\t\t\t\t<i aria-hidden=\"true\" class=\"eicon-caret-down\"><\/i>\t\t\t<\/div>\n\t\t\t<select name=\"form_fields[relation]\" id=\"form-field-relation\" class=\"elementor-field-textual elementor-size-md\" required=\"required\">\n\t\t\t\t\t\t\t\t\t<option value=\"-- Veuillez choisir --\">-- Veuillez choisir --<\/option>\n\t\t\t\t\t\t\t\t\t<option value=\"Client\">Client<\/option>\n\t\t\t\t\t\t\t\t\t<option value=\"Perspectives d&#039;avenir\">Perspectives d&#039;avenir<\/option>\n\t\t\t\t\t\t\t\t\t<option value=\"Employ\u00e9 (pass\u00e9 \/ pr\u00e9sent)\">Employ\u00e9 (pass\u00e9 \/ pr\u00e9sent)<\/option>\n\t\t\t\t\t\t\t\t\t<option value=\"Autres\">Autres<\/option>\n\t\t\t\t\t\t\t<\/select>\n\t\t<\/div>\n\t\t\t\t\t\t<\/div>\n\t\t\t\t\t\t\t\t<div class=\"elementor-field-type-select elementor-field-group elementor-column elementor-field-group-reason elementor-col-50 elementor-field-required elementor-mark-required\">\n\t\t\t\t\t\t\t\t\t\t\t\t<label for=\"form-field-reason\" class=\"elementor-field-label\">\n\t\t\t\t\t\t\t\tRaison de la prise de contact ?\t\t\t\t\t\t\t<\/label>\n\t\t\t\t\t\t\t\t<div class=\"elementor-field elementor-select-wrapper remove-before \">\n\t\t\t<div class=\"select-caret-down-wrapper\">\n\t\t\t\t<i aria-hidden=\"true\" class=\"eicon-caret-down\"><\/i>\t\t\t<\/div>\n\t\t\t<select name=\"form_fields[reason]\" id=\"form-field-reason\" class=\"elementor-field-textual elementor-size-md\" required=\"required\">\n\t\t\t\t\t\t\t\t\t<option value=\"--Veuillez s\u00e9lectionner...\">--Veuillez s\u00e9lectionner...<\/option>\n\t\t\t\t\t\t\t\t\t<option value=\"Refus du marketing et des communications\">Refus du marketing et des communications<\/option>\n\t\t\t\t\t\t\t\t\t<option value=\"Acc\u00e8s \u00e0 vos donn\u00e9es personnelles\">Acc\u00e8s \u00e0 vos donn\u00e9es personnelles<\/option>\n\t\t\t\t\t\t\t\t\t<option value=\"Correction de vos donn\u00e9es personnelles\">Correction de vos donn\u00e9es personnelles<\/option>\n\t\t\t\t\t\t\t\t\t<option value=\"Effacement \/ Suppression de vos donn\u00e9es personnelles\">Effacement \/ Suppression de vos donn\u00e9es personnelles<\/option>\n\t\t\t\t\t\t\t\t\t<option value=\"Restreindre le traitement de vos donn\u00e9es personnelles\">Restreindre le traitement de vos donn\u00e9es personnelles<\/option>\n\t\t\t\t\t\t\t\t\t<option value=\"S&#039;opposer au traitement de vos donn\u00e9es personnelles\">S&#039;opposer au traitement de vos donn\u00e9es personnelles<\/option>\n\t\t\t\t\t\t\t\t\t<option value=\"Portabilit\u00e9 de vos donn\u00e9es personnelles\">Portabilit\u00e9 de vos donn\u00e9es personnelles<\/option>\n\t\t\t\t\t\t\t\t\t<option value=\"Demandes de renseignements sur la prise de d\u00e9cision automatis\u00e9e\">Demandes de renseignements sur la prise de d\u00e9cision automatis\u00e9e<\/option>\n\t\t\t\t\t\t\t\t\t<option value=\"Autres questions relatives \u00e0 la protection de la vie priv\u00e9e\">Autres questions relatives \u00e0 la protection de la vie priv\u00e9e<\/option>\n\t\t\t\t\t\t\t<\/select>\n\t\t<\/div>\n\t\t\t\t\t\t<\/div>\n\t\t\t\t\t\t\t\t<div class=\"elementor-field-type-text elementor-field-group elementor-column elementor-field-group-firstname elementor-col-50 elementor-field-required elementor-mark-required\">\n\t\t\t\t\t\t\t\t\t\t\t\t<label for=\"form-field-firstname\" class=\"elementor-field-label\">\n\t\t\t\t\t\t\t\tPr\u00e9nom\t\t\t\t\t\t\t<\/label>\n\t\t\t\t\t\t\t\t\t\t\t\t\t\t<input size=\"1\" type=\"text\" name=\"form_fields[firstname]\" id=\"form-field-firstname\" class=\"elementor-field elementor-size-md  elementor-field-textual\" required=\"required\">\n\t\t\t\t\t\t\t\t\t\t\t<\/div>\n\t\t\t\t\t\t\t\t<div class=\"elementor-field-type-text elementor-field-group elementor-column elementor-field-group-lastname elementor-col-50 elementor-field-required elementor-mark-required\">\n\t\t\t\t\t\t\t\t\t\t\t\t<label for=\"form-field-lastname\" class=\"elementor-field-label\">\n\t\t\t\t\t\t\t\tNom de famille\t\t\t\t\t\t\t<\/label>\n\t\t\t\t\t\t\t\t\t\t\t\t\t\t<input size=\"1\" type=\"text\" name=\"form_fields[lastname]\" id=\"form-field-lastname\" class=\"elementor-field elementor-size-md  elementor-field-textual\" required=\"required\">\n\t\t\t\t\t\t\t\t\t\t\t<\/div>\n\t\t\t\t\t\t\t\t<div class=\"elementor-field-type-email elementor-field-group elementor-column elementor-field-group-email elementor-col-50 elementor-field-required elementor-mark-required\">\n\t\t\t\t\t\t\t\t\t\t\t\t<label for=\"form-field-email\" class=\"elementor-field-label\">\n\t\t\t\t\t\t\t\tAdresse \u00e9lectronique\t\t\t\t\t\t\t<\/label>\n\t\t\t\t\t\t\t\t\t\t\t\t\t\t<input size=\"1\" type=\"email\" name=\"form_fields[email]\" id=\"form-field-email\" class=\"elementor-field elementor-size-md  elementor-field-textual\" required=\"required\">\n\t\t\t\t\t\t\t\t\t\t\t<\/div>\n\t\t\t\t\t\t\t\t<div class=\"elementor-field-type-text elementor-field-group elementor-column elementor-field-group-address elementor-col-50 elementor-field-required elementor-mark-required\">\n\t\t\t\t\t\t\t\t\t\t\t\t<label for=\"form-field-address\" class=\"elementor-field-label\">\n\t\t\t\t\t\t\t\tAdresse\t\t\t\t\t\t\t<\/label>\n\t\t\t\t\t\t\t\t\t\t\t\t\t\t<input size=\"1\" type=\"text\" name=\"form_fields[address]\" id=\"form-field-address\" class=\"elementor-field elementor-size-md  elementor-field-textual\" required=\"required\">\n\t\t\t\t\t\t\t\t\t\t\t<\/div>\n\t\t\t\t\t\t\t\t<div class=\"elementor-field-type-html elementor-field-group elementor-column elementor-field-group-field_ed38f3c elementor-col-100\">\n\t\t\t\t\t<br>\t\t\t\t<\/div>\n\t\t\t\t\t\t\t\t<div class=\"elementor-field-type-checkbox elementor-field-group elementor-column elementor-field-group-othername elementor-col-100\">\n\t\t\t\t\t<div class=\"elementor-field-subgroup  \"><span class=\"elementor-field-option\"><input type=\"checkbox\" value=\"Oui\" id=\"form-field-othername-0\" name=\"form_fields[othername]\"> <label for=\"form-field-othername-0\">J'ai \u00e9t\u00e9 associ\u00e9 \u00e0 d'autres noms \/ adresses \/ adresses \u00e9lectroniques<\/label><\/span><\/div>\t\t\t\t<\/div>\n\t\t\t\t\t\t\t\t<div class=\"elementor-field-type-text elementor-field-group elementor-column elementor-field-group-firstname_alt elementor-col-50\">\n\t\t\t\t\t\t\t\t\t\t\t\t<label for=\"form-field-firstname_alt\" class=\"elementor-field-label\">\n\t\t\t\t\t\t\t\tPr\u00e9nom\t\t\t\t\t\t\t<\/label>\n\t\t\t\t\t\t\t\t\t\t\t\t\t\t<input size=\"1\" type=\"text\" name=\"form_fields[firstname_alt]\" id=\"form-field-firstname_alt\" class=\"elementor-field elementor-size-md  elementor-field-textual\">\n\t\t\t\t\t\t\t\t\t\t\t<\/div>\n\t\t\t\t\t\t\t\t<div class=\"elementor-field-type-text elementor-field-group elementor-column elementor-field-group-lastname_alt elementor-col-50\">\n\t\t\t\t\t\t\t\t\t\t\t\t<label for=\"form-field-lastname_alt\" class=\"elementor-field-label\">\n\t\t\t\t\t\t\t\tNom de famille\t\t\t\t\t\t\t<\/label>\n\t\t\t\t\t\t\t\t\t\t\t\t\t\t<input size=\"1\" type=\"text\" name=\"form_fields[lastname_alt]\" id=\"form-field-lastname_alt\" class=\"elementor-field elementor-size-md  elementor-field-textual\">\n\t\t\t\t\t\t\t\t\t\t\t<\/div>\n\t\t\t\t\t\t\t\t<div class=\"elementor-field-type-email elementor-field-group elementor-column elementor-field-group-email_alt elementor-col-50\">\n\t\t\t\t\t\t\t\t\t\t\t\t<label for=\"form-field-email_alt\" class=\"elementor-field-label\">\n\t\t\t\t\t\t\t\tAdresse \u00e9lectronique\t\t\t\t\t\t\t<\/label>\n\t\t\t\t\t\t\t\t\t\t\t\t\t\t<input size=\"1\" type=\"email\" name=\"form_fields[email_alt]\" id=\"form-field-email_alt\" class=\"elementor-field elementor-size-md  elementor-field-textual\">\n\t\t\t\t\t\t\t\t\t\t\t<\/div>\n\t\t\t\t\t\t\t\t<div class=\"elementor-field-type-text elementor-field-group elementor-column elementor-field-group-address_alt elementor-col-50\">\n\t\t\t\t\t\t\t\t\t\t\t\t<label for=\"form-field-address_alt\" class=\"elementor-field-label\">\n\t\t\t\t\t\t\t\tAdresse\t\t\t\t\t\t\t<\/label>\n\t\t\t\t\t\t\t\t\t\t\t\t\t\t<input size=\"1\" type=\"text\" name=\"form_fields[address_alt]\" id=\"form-field-address_alt\" class=\"elementor-field elementor-size-md  elementor-field-textual\">\n\t\t\t\t\t\t\t\t\t\t\t<\/div>\n\t\t\t\t\t\t\t\t<div class=\"elementor-field-type-html elementor-field-group elementor-column elementor-field-group-field_35aca2d elementor-col-100\">\n\t\t\t\t\t<br>\t\t\t\t<\/div>\n\t\t\t\t\t\t\t\t<div class=\"elementor-field-type-textarea elementor-field-group elementor-column elementor-field-group-notes elementor-col-100\">\n\t\t\t\t\t\t\t\t\t\t\t\t<label for=\"form-field-notes\" class=\"elementor-field-label\">\n\t\t\t\t\t\t\t\tNotes\t\t\t\t\t\t\t<\/label>\n\t\t\t\t\t\t<textarea class=\"elementor-field-textual elementor-field  elementor-size-md\" name=\"form_fields[notes]\" id=\"form-field-notes\" rows=\"4\"><\/textarea>\t\t\t\t<\/div>\n\t\t\t\t\t\t\t\t<div class=\"elementor-field-type-html elementor-field-group elementor-column elementor-field-group-field_056249e elementor-col-100\">\n\t\t\t\t\tNote : Nous prenons au s\u00e9rieux la confidentialit\u00e9 de vos donn\u00e9es personnelles et il se peut que nous vous recontactions pour vous demander une preuve d'identit\u00e9.<br>\nNous n'utiliserons les informations personnelles que vous nous avez fournies qu'aux fins du traitement de votre demande de renseignements sur la protection de la vie priv\u00e9e.\t\t\t\t<\/div>\n\t\t\t\t\t\t\t\t<div class=\"elementor-field-group elementor-column elementor-field-type-submit elementor-col-100 e-form__buttons\">\n\t\t\t\t\t<button class=\"elementor-button elementor-size-sm\" type=\"submit\">\n\t\t\t\t\t\t<span class=\"elementor-button-content-wrapper\">\n\t\t\t\t\t\t\t\t\t\t\t\t\t\t\t\t\t\t\t\t\t\t<span class=\"elementor-button-text\">Soumettre<\/span>\n\t\t\t\t\t\t\t\t\t\t\t\t\t<\/span>\n\t\t\t\t\t<\/button>\n\t\t\t\t<\/div>\n\t\t\t<\/div>\n\t\t<\/form>\n\t\t\t\t\t\t<\/div>\n\t\t\t\t<\/div>\n\t\t\t\t<div class=\"elementor-element elementor-element-ce08905 elementor-widget elementor-widget-html\" data-id=\"ce08905\" data-element_type=\"widget\" data-e-type=\"widget\" data-widget_type=\"html.default\">\n\t\t\t\t<div class=\"elementor-widget-container\">\n\t\t\t\t\t<script>jQuery(function () {\n    jQuery(\".elementor-field-group-firstname_alt, .elementor-field-group-lastname_alt, .elementor-field-group-email_alt, .elementor-field-group-address_alt\").hide();\n    \n    jQuery(\"#form-field-othername-0\").click(function () {\n        if (jQuery(this).is(\":checked\")) {\n            jQuery(\".elementor-field-group-firstname_alt, .elementor-field-group-lastname_alt, .elementor-field-group-email_alt, .elementor-field-group-address_alt\").show();\n        } else {\n            jQuery(\".elementor-field-group-firstname_alt, .elementor-field-group-lastname_alt, .elementor-field-group-email_alt, .elementor-field-group-address_alt\").hide();\n        }\n    });\n});\n<\/script>\t\t\t\t<\/div>\n\t\t\t\t<\/div>\n\t\t\t\t<\/div>\n\t\t\t\t\t<\/div>\n\t\t\t\t<\/div>\n\t\t<div class=\"elementor-element elementor-element-2d82203 e-flex e-con-boxed e-con e-parent\" data-id=\"2d82203\" data-element_type=\"container\" data-e-type=\"container\">\n\t\t\t\t\t<div class=\"e-con-inner\">\n\t\t<div class=\"elementor-element elementor-element-13e41e1 e-con-full e-flex e-con e-child\" data-id=\"13e41e1\" data-element_type=\"container\" data-e-type=\"container\">\n\t\t\t\t<div class=\"elementor-element elementor-element-83ee697 elementor-widget elementor-widget-heading\" data-id=\"83ee697\" data-element_type=\"widget\" data-e-type=\"widget\" data-widget_type=\"heading.default\">\n\t\t\t\t<div class=\"elementor-widget-container\">\n\t\t\t\t\t<h5 class=\"elementor-heading-title elementor-size-default\">Pour plus d'informations sur les pratiques de Corplex en mati\u00e8re de protection de la vie priv\u00e9e, les politiques et les proc\u00e9dures, contactez-nous :<\/h5>\t\t\t\t<\/div>\n\t\t\t\t<\/div>\n\t\t\t\t<div class=\"elementor-element elementor-element-6790bde elementor-widget elementor-widget-text-editor\" data-id=\"6790bde\" data-element_type=\"widget\" data-e-type=\"widget\" data-widget_type=\"text-editor.default\">\n\t\t\t\t<div class=\"elementor-widget-container\">\n\t\t\t\t\t\t\t\t\t<p>Corplex Colmar Office<\/p>\n<p>18 Rue des M\u00e9tiers,<\/p>\n<p>68000,<\/p>\n<p>Colmar, France<\/p>\n\t\t\t\t\t\t\t\t<\/div>\n\t\t\t\t<\/div>\n\t\t\t\t<\/div>\n\t\t\t\t\t<\/div>\n\t\t\t\t<\/div>\n\t\t\t\t<\/div>\n\t\t","protected":false},"excerpt":{"rendered":"<p>Centre de protection de la vie priv\u00e9e Chez Corplex, nous prenons tr\u00e8s au s\u00e9rieux votre vie priv\u00e9e et la confiance que vous nous accordez. Si vous avez une question, un probl\u00e8me ou une demande concernant la protection de la vie priv\u00e9e, veuillez contacter notre service de protection de la vie priv\u00e9e\u00a0en utilisant le formulaire ou [&hellip;]<\/p>\n","protected":false},"author":14,"featured_media":0,"parent":0,"menu_order":0,"comment_status":"closed","ping_status":"closed","template":"elementor_header_footer","meta":{"_acf_changed":false,"footnotes":"","_links_to":"","_links_to_target":""},"class_list":["post-35811","page","type-page","status-publish","hentry"],"acf":[],"_links":{"self":[{"href":"https:\/\/corplex.com\/fr\/wp-json\/wp\/v2\/pages\/35811","targetHints":{"allow":["GET"]}}],"collection":[{"href":"https:\/\/corplex.com\/fr\/wp-json\/wp\/v2\/pages"}],"about":[{"href":"https:\/\/corplex.com\/fr\/wp-json\/wp\/v2\/types\/page"}],"author":[{"embeddable":true,"href":"https:\/\/corplex.com\/fr\/wp-json\/wp\/v2\/users\/14"}],"replies":[{"embeddable":true,"href":"https:\/\/corplex.com\/fr\/wp-json\/wp\/v2\/comments?post=35811"}],"version-history":[{"count":4,"href":"https:\/\/corplex.com\/fr\/wp-json\/wp\/v2\/pages\/35811\/revisions"}],"predecessor-version":[{"id":45314,"href":"https:\/\/corplex.com\/fr\/wp-json\/wp\/v2\/pages\/35811\/revisions\/45314"}],"wp:attachment":[{"href":"https:\/\/corplex.com\/fr\/wp-json\/wp\/v2\/media?parent=35811"}],"curies":[{"name":"wp","href":"https:\/\/api.w.org\/{rel}","templated":true}]}}